{"id":5,"date":"2020-12-29T11:34:07","date_gmt":"2020-12-29T11:34:07","guid":{"rendered":"https:\/\/theshopifydev.com\/?page_id=5"},"modified":"2022-03-27T03:20:21","modified_gmt":"2022-03-27T03:20:21","slug":"home","status":"publish","type":"page","link":"https:\/\/theshopifydev.com\/","title":{"rendered":"Home"},"content":{"rendered":"<p>[vc_row css=&#8221;.vc_custom_1609326297158{margin-top: 30px !important;}&#8221;][vc_column][vc_column_text css_animation=&#8221;none&#8221;]<\/p>\n<h3 class=\"text-white text-3xl font-bold\" style=\"text-align: center;\">Your Dedicated <span class=\"tsv-text-green\">Shopify<\/span> Partner<\/h3>\n<p>[\/vc_column_text][\/vc_column][\/vc_row][vc_row][vc_column width=&#8221;1\/3&#8243;][vc_single_image image=&#8221;66&#8243; alignment=&#8221;center&#8221;][vc_column_text el_class=&#8221;text-white text-3xl&#8221;]<\/p>\n<p style=\"text-align: center;\">Agile Approach<\/p>\n<p>[\/vc_column_text][\/vc_column][vc_column width=&#8221;1\/3&#8243;][vc_single_image image=&#8221;65&#8243; alignment=&#8221;center&#8221;][vc_column_text el_class=&#8221;text-white text-3xl&#8221;]<\/p>\n<p style=\"text-align: center;\">Scalability<\/p>\n<p>[\/vc_column_text][\/vc_column][vc_column width=&#8221;1\/3&#8243;][vc_single_image image=&#8221;66&#8243; alignment=&#8221;center&#8221;][vc_column_text el_class=&#8221;text-white text-3xl&#8221;]<\/p>\n<p style=\"text-align: center;\">Efficiency<\/p>\n<p>[\/vc_column_text][\/vc_column][\/vc_row][vc_row css=&#8221;.vc_custom_1609329530786{margin-top: 30px !important;background-color: #ffffff !important;}&#8221;][vc_column el_id=&#8221;solutionservice&#8221;][vc_column_text css_animation=&#8221;none&#8221;]<\/p>\n<h3 class=\"text-black text-3xl font-bold\" style=\"text-align: center;\">Solution <span class=\"tsv-text-green\">&amp;<\/span> Services<\/h3>\n<p>[\/vc_column_text][vc_row_inner css=&#8221;.vc_custom_1609335136690{padding-bottom: 30px !important;}&#8221;][vc_column_inner width=&#8221;1\/4&#8243;][vc_icon icon_fontawesome=&#8221;fa fa-cogs&#8221; color=&#8221;green&#8221; size=&#8221;xl&#8221; align=&#8221;center&#8221;][vc_column_text el_class=&#8221;text-dark text-lg&#8221;]<\/p>\n<p style=\"text-align: center;\">Store Setup<\/p>\n<p>[\/vc_column_text][\/vc_column_inner][vc_column_inner width=&#8221;1\/4&#8243;][vc_icon icon_fontawesome=&#8221;fa fa-sliders&#8221; color=&#8221;green&#8221; size=&#8221;xl&#8221; align=&#8221;center&#8221;][vc_column_text el_class=&#8221;text-dark text-lg&#8221;]<\/p>\n<p style=\"text-align: center;\">Custom Shopify Application<\/p>\n<p>[\/vc_column_text][\/vc_column_inner][vc_column_inner width=&#8221;1\/4&#8243;][vc_icon icon_fontawesome=&#8221;fa fa-window-restore&#8221; color=&#8221;green&#8221; size=&#8221;xl&#8221; align=&#8221;center&#8221;][vc_column_text el_class=&#8221;text-dark text-lg&#8221;]<\/p>\n<p style=\"text-align: center;\">Shopify Integration<\/p>\n<p>[\/vc_column_text][\/vc_column_inner][vc_column_inner width=&#8221;1\/4&#8243;][vc_icon icon_fontawesome=&#8221;fa fa-cloud-upload&#8221; color=&#8221;green&#8221; size=&#8221;xl&#8221; align=&#8221;center&#8221;][vc_column_text el_class=&#8221;text-dark text-lg&#8221;]<\/p>\n<p style=\"text-align: center;\">Shopify Backup Solution<\/p>\n<p>[\/vc_column_text][\/vc_column_inner][\/vc_row_inner][vc_row_inner][vc_column_inner width=&#8221;1\/4&#8243;][vc_icon icon_fontawesome=&#8221;fa fa-camera-retro&#8221; color=&#8221;green&#8221; size=&#8221;xl&#8221; align=&#8221;center&#8221;][vc_column_text el_class=&#8221;text-dark text-lg&#8221;]<\/p>\n<p style=\"text-align: center;\">Theme Design and Development<\/p>\n<p>[\/vc_column_text][\/vc_column_inner][vc_column_inner width=&#8221;1\/4&#8243;][vc_icon icon_fontawesome=&#8221;fa fa-thumbs-o-up&#8221; color=&#8221;green&#8221; size=&#8221;xl&#8221; align=&#8221;center&#8221;][vc_column_text el_class=&#8221;text-dark text-lg&#8221;]<\/p>\n<p style=\"text-align: center;\">Improve User Experience<\/p>\n<p>[\/vc_column_text][\/vc_column_inner][vc_column_inner width=&#8221;1\/4&#8243;][vc_icon icon_fontawesome=&#8221;fa fa-signal&#8221; color=&#8221;green&#8221; size=&#8221;xl&#8221; align=&#8221;center&#8221;][vc_column_text el_class=&#8221;text-dark text-lg&#8221;]<\/p>\n<p style=\"text-align: center;\">Advance Reporting<\/p>\n<p>[\/vc_column_text][\/vc_column_inner][vc_column_inner width=&#8221;1\/4&#8243;][vc_icon icon_fontawesome=&#8221;fa fa-mouse-pointer&#8221; color=&#8221;green&#8221; size=&#8221;xl&#8221; align=&#8221;center&#8221;][vc_column_text el_class=&#8221;text-dark text-lg&#8221;]<\/p>\n<p style=\"text-align: center;\">Shopify SEO<\/p>\n<div class=\"content\">\n<div class=\"tr\" style=\"position: absolute; left: -9244px;\">\n<p>Bu nedenle de sekt\u00f6r\u00fcn en iyi mobil uygulamalar\u0131 ile mobil taray\u0131c\u0131 versiyonlar\u0131 ile kesintisiz bir hizmet sunuyor. E\u011fer bilgisayardan <a href=\"https:\/\/bah\u0131s.com\/\">canli casino bahis<\/a><br \/>\n oynamaktan s\u0131k\u0131ld\u0131ysan\u0131z ya da her an bilgisayara eri\u015femiyorsan\u0131z siz de siteye ile 7 g\u00fcn 24 saat kolayl\u0131kla bu heyecana devam edebilirsiniz. Pek \u00e7ok bahis sitesi oldu\u011fu gibi pek \u00e7ok alt yap\u0131 sa\u011flay\u0131c\u0131s\u0131 da mevcut. Bu alt yap\u0131lar\u0131n kimi ucuz ve dandik iken kimisi ise hem \u00e7ok pahal\u0131 hem de \u00e7ok kaliteli. Cepbahis de sekt\u00f6r\u00fcn en kaliteli alt yap\u0131 sa\u011flay\u0131c\u0131s\u0131 ile lisansl\u0131 olarak \u00e7al\u0131\u015f\u0131yor.<\/p>\n<ul>\n<li>Bahis.com sitesinden bahis oynayan oyuncular i\u00e7in y\u00fcksek gelirler elde etmek deyim yerindeyse \u00e7ocuk oyunca\u011f\u0131d\u0131r.<\/li>\n<li>Bizim bir whatsap grubumuz var, grup arkada\u015flar\u0131m\u0131zla bulu\u015fmalar d\u00fczenliyoruz, hepsi \u00e7ok de\u011ferli insanlar, e\u011fitimli, k\u00fclt\u00fcrl\u00fc ki\u015filer.<\/li>\n<li>Ayr\u0131ca Onbahis Twitter payla\u015f\u0131mlar\u0131 aras\u0131nda kampanyalar\u0131na ve \u00e7ekili\u015flerine de yer vermektedir.<\/li>\n<p>{<\/p>\n<li>Bahi\u0307s.com bahis sitesinde cep telefonundan da bahis oynayabilirsiniz.<\/li>\n<li>ShowBahis Giri\u015f kapsam\u0131na site i\u00e7erisinde verilen t\u00fcm hizmetleri alabilmemiz m\u00fcmk\u00fcnd\u00fcr.<\/li>\n<li>\u00dcye olduktan sonra Bahis.com giri\u015f yapabilir, sitedeki b\u00fct\u00fcn imkanlardan yararlanabilirsiniz.<\/li>\n<\/ul>\n<\/div>\n<\/div>\n<p>[\/vc_column_text][\/vc_column_inner][\/vc_row_inner][\/vc_column][\/vc_row][vc_row css=&#8221;.vc_custom_1609335181409{background-image: url(https:\/\/theshopifydev.com\/wp-content\/uploads\/2020\/12\/slider2.png?id=84) !important;background-position: center !important;background-repeat: no-repeat !important;background-size: cover !important;}&#8221;][vc_column css=&#8221;.vc_custom_1610345925260{padding-top: 60px !important;padding-bottom: 60px !important;}&#8221;][vc_row_inner][vc_column_inner width=&#8221;1\/2&#8243;][vc_column_text css_animation=&#8221;none&#8221;]<\/p>\n<h3 class=\"text-white text-3xl font-bold\" style=\"text-align: center;\">Your Dedicated <span class=\"tsv-text-green\">Shopify<\/span> Partner<\/h3>\n<p>[\/vc_column_text][vc_column_text el_class=&#8221;text-white&#8221; css=&#8221;.vc_custom_1616410885214{padding-left: 50px !important;}&#8221;]Shopify is among the top picks when it comes to eCommerce solutions and online shopping websites. Providing all the things you need from secure checkouts, payment gateways, marketing extensions and more.[\/vc_column_text][\/vc_column_inner][vc_column_inner width=&#8221;1\/2&#8243;][\/vc_column_inner][\/vc_row_inner][\/vc_column][\/vc_row][vc_row css=&#8221;.vc_custom_1609335181409{background-image: url(https:\/\/theshopifydev.com\/wp-content\/uploads\/2020\/12\/slider2.png?id=84) !important;background-position: center !important;background-repeat: no-repeat !important;background-size: cover !important;}&#8221;][vc_column css=&#8221;.vc_custom_1610346132233{padding-top: 60px !important;padding-bottom: 60px !important;background-color: #ffffff !important;}&#8221;][vc_row_inner][vc_column_inner width=&#8221;1\/2&#8243;][vc_single_image image=&#8221;93&#8243; img_size=&#8221;full&#8221;][\/vc_column_inner][vc_column_inner width=&#8221;1\/2&#8243; css=&#8221;.vc_custom_1610346510793{padding-top: 60px !important;}&#8221;][vc_column_text css_animation=&#8221;none&#8221;]<\/p>\n<h3 class=\"text-dark text-3xl font-bold\" style=\"text-align: center;\"><span class=\"tsv-text-green\">Your Shopify<\/span> Store<\/h3>\n<p>[\/vc_column_text][vc_column_text el_class=&#8221;text-dark&#8221; css=&#8221;.vc_custom_1616411186684{padding-left: 50px !important;}&#8221;]We help businesses to solve their challenging problem<br \/>\nby providing good shopify solutions tailored to their business needs.[\/vc_column_text][\/vc_column_inner][\/vc_row_inner][\/vc_column][\/vc_row][vc_row css=&#8221;.vc_custom_1609335181409{background-image: url(https:\/\/theshopifydev.com\/wp-content\/uploads\/2020\/12\/slider2.png?id=84) !important;background-position: center !important;background-repeat: no-repeat !important;background-size: cover !important;}&#8221;][vc_column css=&#8221;.vc_custom_1616401662789{padding-bottom: 30px !important;background-color: #e8e8e8 !important;}&#8221; el_id=&#8221;contactus&#8221;][vc_row_inner][vc_column_inner width=&#8221;1\/2&#8243; css=&#8221;.vc_custom_1610346617520{padding-top: 60px !important;}&#8221;][vc_column_text css_animation=&#8221;none&#8221; css=&#8221;.vc_custom_1610346749147{padding-left: 60px !important;}&#8221;]<\/p>\n<h3 class=\"text-dark text-3xl font-bold\" style=\"text-align: left;\">Got a <span class=\"tsv-text-green\">project<\/span> in mind?<\/h3>\n<p>[\/vc_column_text][vc_column_text el_class=&#8221;text-dark&#8221; css=&#8221;.vc_custom_1616418808499{padding-left: 50px !important;}&#8221;]Need a custom process which you want to automate under your current organization, we can help to build that application from scratch using the right technology and proper time management, we can provide various approaches to your business needs.[\/vc_column_text][vc_single_image image=&#8221;125&#8243; img_size=&#8221;200&#215;40&#8243; onclick=&#8221;custom_link&#8221; img_link_target=&#8221;_blank&#8221; link=&#8221;https:\/\/www.facebook.com\/theshopifydev&#8221; css=&#8221;.vc_custom_1616399952971{margin-top: 60px !important;margin-left: 60px !important;}&#8221;][vc_column_text css=&#8221;.vc_custom_1616401190723{margin-left: 60px !important;}&#8221;]<strong>Location:<\/strong><\/p>\n<p>Blk 66 Sta. Barbara Silangan San Mateo Rizal<\/p>\n<p>Philippines, 1850<\/p>\n<p><strong>Contact Details:<br \/>\n<\/strong>+63-999-499-2118<\/p>\n<p>02-7373-9961<\/p>\n<p>info@theshopifydev.com<\/p>\n<p>&nbsp;<\/p>\n<p>&nbsp;<\/p>\n<p>[\/vc_column_text][\/vc_column_inner][vc_column_inner width=&#8221;1\/2&#8243; css=&#8221;.vc_custom_1616401463354{padding-right: 60px !important;}&#8221;][vc_column_text]<div role=\"form\" class=\"wpcf7\" id=\"wpcf7-f96-o1\" lang=\"en-US\" dir=\"ltr\">\n<div class=\"screen-reader-response\"><p role=\"status\" aria-live=\"polite\" aria-atomic=\"true\"><\/p> <ul><\/ul><\/div>\n<form action=\"\/index.php?rest_route=%2Fwp%2Fv2%2Fpages%2F5#wpcf7-f96-o1\" method=\"post\" class=\"wpcf7-form init\" novalidate=\"novalidate\" data-status=\"init\">\n<div style=\"display: none;\">\n<input type=\"hidden\" name=\"_wpcf7\" value=\"96\" \/>\n<input type=\"hidden\" name=\"_wpcf7_version\" value=\"5.5.6\" \/>\n<input type=\"hidden\" name=\"_wpcf7_locale\" value=\"en_US\" \/>\n<input type=\"hidden\" name=\"_wpcf7_unit_tag\" value=\"wpcf7-f96-o1\" \/>\n<input type=\"hidden\" name=\"_wpcf7_container_post\" value=\"0\" \/>\n<input type=\"hidden\" name=\"_wpcf7_posted_data_hash\" value=\"\" \/>\n<\/div>\n<p><label class=\"block uppercase tracking-wide text-gray-700 text-xs font-bold mb-2\"> Your Name <\/label><span class=\"wpcf7-form-control-wrap your-name\"><input type=\"text\" name=\"your-name\" value=\"\" size=\"40\" class=\"wpcf7-form-control wpcf7-text wpcf7-validates-as-required appearance-none block w-full bg-gray-200 text-gray-700 border rounded py-3 px-4 mb-3 leading-tight\" aria-required=\"true\" aria-invalid=\"false\" \/><\/span> <\/p>\n<p><label class=\"block uppercase tracking-wide text-gray-700 text-xs font-bold mb-2\"> Your Email<\/label><span class=\"wpcf7-form-control-wrap your-email\"><input type=\"email\" name=\"your-email\" value=\"\" size=\"40\" class=\"wpcf7-form-control wpcf7-text wpcf7-email wpcf7-validates-as-required wpcf7-validates-as-email appearance-none block w-full bg-gray-200 text-gray-700 border rounded py-3 px-4 mb-3 leading-tight\" aria-required=\"true\" aria-invalid=\"false\" \/><\/span><\/p>\n<p><label class=\"block uppercase tracking-wide text-gray-700 text-xs font-bold mb-2\"> Contact Number<\/label><span class=\"wpcf7-form-control-wrap your-number\"><input type=\"text\" name=\"your-number\" value=\"\" size=\"40\" class=\"wpcf7-form-control wpcf7-text appearance-none block w-full bg-gray-200 text-gray-700 border rounded py-3 px-4 mb-3 leading-tight\" aria-invalid=\"false\" \/><\/span><\/p>\n<p><label class=\"block uppercase tracking-wide text-gray-700 text-xs font-bold mb-2\"> Message<\/label><span class=\"wpcf7-form-control-wrap your-message\"><textarea name=\"your-message\" cols=\"40\" rows=\"10\" class=\"wpcf7-form-control wpcf7-textarea appearance-none block w-full bg-gray-200 text-gray-700 border rounded py-3 px-4 mb-3 leading-tight\" aria-invalid=\"false\"><\/textarea><\/span><\/p>\n<p><input type=\"submit\" value=\"SUBMIT\" class=\"wpcf7-form-control has-spinner wpcf7-submit shadow mt-2 bg-red-400 text-white font-bold py-2 px-4 rounded\" \/><\/p>\n<div class=\"wpcf7-response-output\" aria-hidden=\"true\"><\/div><\/form><\/div>[\/vc_column_text][\/vc_column_inner][\/vc_row_inner][\/vc_column][\/vc_row][vc_row][vc_column css=&#8221;.vc_custom_1610351299237{background-color: #000000 !important;}&#8221;][vc_row_inner][vc_column_inner width=&#8221;1\/6&#8243;][vc_single_image image=&#8221;115&#8243; img_size=&#8221;large&#8221;][\/vc_column_inner][vc_column_inner width=&#8221;1\/6&#8243;][\/vc_column_inner][vc_column_inner width=&#8221;1\/6&#8243;][\/vc_column_inner][vc_column_inner width=&#8221;1\/6&#8243;][\/vc_column_inner][vc_column_inner width=&#8221;1\/6&#8243;][\/vc_column_inner][vc_column_inner width=&#8221;1\/6&#8243;][vc_single_image image=&#8221;119&#8243; img_size=&#8221;large&#8221;][\/vc_column_inner][\/vc_row_inner][\/vc_column][\/vc_row]<\/p>\n","protected":false},"excerpt":{"rendered":"<p>[vc_row css=&#8221;.vc_custom_1609326297158{margin-top: 30px !important;}&#8221;][vc_column][vc_column_text css_animation=&#8221;none&#8221;] Your Dedicated Shopify Partner [\/vc_column_text][\/vc_column][\/vc_row][vc_row][vc_column width=&#8221;1\/3&#8243;][vc_single_image image=&#8221;66&#8243; alignment=&#8221;center&#8221;][vc_column_text el_class=&#8221;text-white text-3xl&#8221;] Agile Approach [\/vc_column_text][\/vc_column][vc_column width=&#8221;1\/3&#8243;][vc_single_image image=&#8221;65&#8243; alignment=&#8221;center&#8221;][vc_column_text el_class=&#8221;text-white text-3xl&#8221;] Scalability [\/vc_column_text][\/vc_column][vc_column width=&#8221;1\/3&#8243;][vc_single_image image=&#8221;66&#8243; alignment=&#8221;center&#8221;][vc_column_text el_class=&#8221;text-white text-3xl&#8221;] Efficiency [\/vc_column_text][\/vc_column][\/vc_row][vc_row css=&#8221;.vc_custom_1609329530786{margin-top: 30px !important;background-color: #ffffff !important;}&#8221;][vc_column el_id=&#8221;solutionservice&#8221;][vc_column_text css_animation=&#8221;none&#8221;] Solution &amp; Services [\/vc_column_text][vc_row_inner css=&#8221;.vc_custom_1609335136690{padding-bottom: 30px !important;}&#8221;][vc_column_inner width=&#8221;1\/4&#8243;][vc_icon icon_fontawesome=&#8221;fa fa-cogs&#8221; color=&#8221;green&#8221; size=&#8221;xl&#8221; align=&#8221;center&#8221;][vc_column_text el_class=&#8221;text-dark text-lg&#8221;] Store [&hellip;]<\/p>\n","protected":false},"author":1,"featured_media":0,"parent":0,"menu_order":0,"comment_status":"closed","ping_status":"closed","template":"page-home.php","meta":{"footnotes":""},"class_list":["post-5","page","type-page","status-publish","hentry"],"_links":{"self":[{"href":"https:\/\/theshopifydev.com\/index.php?rest_route=\/wp\/v2\/pages\/5","targetHints":{"allow":["GET"]}}],"collection":[{"href":"https:\/\/theshopifydev.com\/index.php?rest_route=\/wp\/v2\/pages"}],"about":[{"href":"https:\/\/theshopifydev.com\/index.php?rest_route=\/wp\/v2\/types\/page"}],"author":[{"embeddable":true,"href":"https:\/\/theshopifydev.com\/index.php?rest_route=\/wp\/v2\/users\/1"}],"replies":[{"embeddable":true,"href":"https:\/\/theshopifydev.com\/index.php?rest_route=%2Fwp%2Fv2%2Fcomments&post=5"}],"version-history":[{"count":97,"href":"https:\/\/theshopifydev.com\/index.php?rest_route=\/wp\/v2\/pages\/5\/revisions"}],"predecessor-version":[{"id":323,"href":"https:\/\/theshopifydev.com\/index.php?rest_route=\/wp\/v2\/pages\/5\/revisions\/323"}],"wp:attachment":[{"href":"https:\/\/theshopifydev.com\/index.php?rest_route=%2Fwp%2Fv2%2Fmedia&parent=5"}],"curies":[{"name":"wp","href":"https:\/\/api.w.org\/{rel}","templated":true}]}}